{"id":8,"date":"2020-06-15T11:16:17","date_gmt":"2020-06-15T09:16:17","guid":{"rendered":"http:\/\/bordeaux-santorin.fr\/?page_id=8"},"modified":"2020-06-17T00:26:07","modified_gmt":"2020-06-16T22:26:07","slug":"contact","status":"publish","type":"page","link":"https:\/\/bordeaux-santorin.fr\/?page_id=8","title":{"rendered":"Contact"},"content":{"rendered":"\n<p><strong><a rel=\"noreferrer noopener\" href=\"https:\/\/www.facebook.com\/groups\/1800402186922429\/\" target=\"_blank\">Groupe priv\u00e9 FaceBook : &#8220;Santoriniens&#8221;<\/a><\/strong><\/p>\n\n\n\n<p><strong>Lionel Palios :<\/strong> General Manager <\/p>\n\n\n\n<p><strong>Le\u00efla Palios : <\/strong>Sales Department<\/p>\n\n\n\n<p><strong>Jane Palios : <\/strong>Interior Design Officer<\/p>\n\n\n\n<p><em><span class=\"has-inline-color has-vivid-purple-color\">Warning ! ce site est public mais s\u00e9jours possibles uniquement pour famille &amp; amis + coll\u00e8gues &amp; confr\u00e8res<\/span><\/em><\/p>\n\n\n\n<figure class=\"wp-block-image size-large\"><img loading=\"lazy\" decoding=\"async\" width=\"720\" height=\"960\" src=\"https:\/\/bordeaux-santorin.fr\/wp-content\/uploads\/2020\/06\/caldera.jpg\" alt=\"\" class=\"wp-image-198\" srcset=\"https:\/\/bordeaux-santorin.fr\/wp-content\/uploads\/2020\/06\/caldera.jpg 720w, https:\/\/bordeaux-santorin.fr\/wp-content\/uploads\/2020\/06\/caldera-225x300.jpg 225w, https:\/\/bordeaux-santorin.fr\/wp-content\/uploads\/2020\/06\/caldera-45x60.jpg 45w\" sizes=\"auto, (max-width: 720px) 100vw, 720px\" \/><\/figure>\n","protected":false},"excerpt":{"rendered":"<p>Groupe priv\u00e9 FaceBook : &#8220;Santoriniens&#8221; Lionel Palios : General Manager Le\u00efla Palios : Sales Department Jane Palios : Interior Design Officer Warning ! ce site est public mais s\u00e9jours possibles uniquement pour famille &amp; amis + coll\u00e8gues &amp; confr\u00e8res<\/p>\n","protected":false},"author":1,"featured_media":0,"parent":0,"menu_order":0,"comment_status":"closed","ping_status":"closed","template":"","meta":{"footnotes":""},"class_list":["post-8","page","type-page","status-publish","hentry"],"jetpack_sharing_enabled":true,"_links":{"self":[{"href":"https:\/\/bordeaux-santorin.fr\/index.php?rest_route=\/wp\/v2\/pages\/8","targetHints":{"allow":["GET"]}}],"collection":[{"href":"https:\/\/bordeaux-santorin.fr\/index.php?rest_route=\/wp\/v2\/pages"}],"about":[{"href":"https:\/\/bordeaux-santorin.fr\/index.php?rest_route=\/wp\/v2\/types\/page"}],"author":[{"embeddable":true,"href":"https:\/\/bordeaux-santorin.fr\/index.php?rest_route=\/wp\/v2\/users\/1"}],"replies":[{"embeddable":true,"href":"https:\/\/bordeaux-santorin.fr\/index.php?rest_route=%2Fwp%2Fv2%2Fcomments&post=8"}],"version-history":[{"count":19,"href":"https:\/\/bordeaux-santorin.fr\/index.php?rest_route=\/wp\/v2\/pages\/8\/revisions"}],"predecessor-version":[{"id":496,"href":"https:\/\/bordeaux-santorin.fr\/index.php?rest_route=\/wp\/v2\/pages\/8\/revisions\/496"}],"wp:attachment":[{"href":"https:\/\/bordeaux-santorin.fr\/index.php?rest_route=%2Fwp%2Fv2%2Fmedia&parent=8"}],"curies":[{"name":"wp","href":"https:\/\/api.w.org\/{rel}","templated":true}]}}